{"id":141,"date":"2026-02-11T07:18:23","date_gmt":"2026-02-11T07:18:23","guid":{"rendered":"https:\/\/brennpunktschule.arto.work\/new\/?page_id=141"},"modified":"2026-02-28T22:31:19","modified_gmt":"2026-02-28T22:31:19","slug":"mobbingberatung-und-pravention","status":"publish","type":"page","link":"https:\/\/brennpunktschule.arto.work\/new\/mobbingberatung-und-pravention\/","title":{"rendered":"Mobbingberatung und Pr\u00e4vention"},"content":{"rendered":"\n\n<figure itemscope itemtype=\"https:\/\/schema.org\/ImageObject\">\n\t\t\t\t<img decoding=\"async\" src=\"https:\/\/brennpunktschule.arto.work\/new\/wp-content\/uploads\/2026\/02\/fs3cjejvbq4t5nmat3ke.webp\" alt=\"fs3cjejvbq4t5nmat3ke\" height=\"714\" width=\"1137\" title=\"fs3cjejvbq4t5nmat3ke\" onerror=\"this.style.display='none'\" loading=\"lazy\" \/>\n\t<\/figure>\n<h3>\n\t\t\tMobbing\t<\/h3>\n\t\u00abMobbing findet statt! Mobbing tut weh! Mobbing ist aufl\u00f6sbar.\u00bb<br \/>\n(Christopher Szaday)\n<strong>Mobbing-Beratung<\/strong><br \/>\nIch begleite Betroffene und Beteiligte in belastenden Situationen.<br \/>\nGemeinsam kl\u00e4ren wir die Lage, st\u00e4rken Ihre Handlungsm\u00f6glichkeiten und entwickeln konkrete n\u00e4chste Schritte.\n<p>Vertraulich, wertsch\u00e4tzend und l\u00f6sungsorientiert.<\/p>\n<strong>Mobbing-Pr\u00e4vention<\/strong><br \/>\nIch unterst\u00fctze Teams und Organisationen dabei, respektvolle Zusammenarbeit zu f\u00f6rdern.<br \/>\nDurch Workshops und klare Vereinbarungen st\u00e4rken wir eine Kultur des Hinschauens und der Verantwortung.\n<p>Hinschauen. Kl\u00e4ren. Sch\u00fctzen.<\/p>\n\n","protected":false},"excerpt":{"rendered":"<p>Mobbing \u00abMobbing findet statt! Mobbing tut weh! Mobbing ist aufl\u00f6sbar.\u00bb (Christopher Szaday) Mobbing-Beratung Ich begleite Betroffene und Beteiligte in belastenden Situationen. Gemeinsam kl\u00e4ren wir die Lage, st\u00e4rken Ihre Handlungsm\u00f6glichkeiten und entwickeln konkrete n\u00e4chste Schritte. Vertraulich, wertsch\u00e4tzend und l\u00f6sungsorientiert. Mobbing-Pr\u00e4vention Ich unterst\u00fctze Teams und Organisationen dabei, respektvolle Zusammenarbeit zu f\u00f6rdern. Durch Workshops und klare Vereinbarungen st\u00e4rken&hellip;<\/p>\n","protected":false},"author":1,"featured_media":0,"parent":0,"menu_order":0,"comment_status":"closed","ping_status":"closed","template":"","meta":{"inline_featured_image":false,"footnotes":""},"class_list":["post-141","page","type-page","status-publish","hentry"],"_links":{"self":[{"href":"https:\/\/brennpunktschule.arto.work\/new\/wp-json\/wp\/v2\/pages\/141","targetHints":{"allow":["GET"]}}],"collection":[{"href":"https:\/\/brennpunktschule.arto.work\/new\/wp-json\/wp\/v2\/pages"}],"about":[{"href":"https:\/\/brennpunktschule.arto.work\/new\/wp-json\/wp\/v2\/types\/page"}],"author":[{"embeddable":true,"href":"https:\/\/brennpunktschule.arto.work\/new\/wp-json\/wp\/v2\/users\/1"}],"replies":[{"embeddable":true,"href":"https:\/\/brennpunktschule.arto.work\/new\/wp-json\/wp\/v2\/comments?post=141"}],"version-history":[{"count":4,"href":"https:\/\/brennpunktschule.arto.work\/new\/wp-json\/wp\/v2\/pages\/141\/revisions"}],"predecessor-version":[{"id":203,"href":"https:\/\/brennpunktschule.arto.work\/new\/wp-json\/wp\/v2\/pages\/141\/revisions\/203"}],"wp:attachment":[{"href":"https:\/\/brennpunktschule.arto.work\/new\/wp-json\/wp\/v2\/media?parent=141"}],"curies":[{"name":"wp","href":"https:\/\/api.w.org\/{rel}","templated":true}]}}