{"id":136,"date":"2026-02-11T07:13:27","date_gmt":"2026-02-11T07:13:27","guid":{"rendered":"https:\/\/brennpunktschule.arto.work\/new\/?page_id=136"},"modified":"2026-02-28T22:30:06","modified_gmt":"2026-02-28T22:30:06","slug":"kommunikation","status":"publish","type":"page","link":"https:\/\/brennpunktschule.arto.work\/new\/kommunikation\/","title":{"rendered":"Kommunikation"},"content":{"rendered":"\n\n<figure itemscope itemtype=\"https:\/\/schema.org\/ImageObject\">\n\t\t\t\t<img decoding=\"async\" src=\"https:\/\/brennpunktschule.arto.work\/new\/wp-content\/uploads\/2026\/02\/shb2at5g3unpyypuun83.webp\" alt=\"shb2at5g3unpyypuun83\" height=\"714\" width=\"1137\" title=\"shb2at5g3unpyypuun83\" onerror=\"this.style.display='none'\" loading=\"lazy\" \/>\n\t<\/figure>\n<h3>\n\t\t\tKommunikation\t<\/h3>\n\t<p>\u00abDie Sprache ist die Kleidung der Gedanken.\u00bb (Samuel Johnson)<\/p>\n<strong>Besser verstehen. Klarer sprechen. Sicher auftreten.<\/strong><br \/>\nIn meinen Trainings st\u00e4rken Sie Ihre Gespr\u00e4chskompetenz.<br \/>\nWir \u00fcben konkrete Situationen aus Ihrem Alltag &#8211; wertsch\u00e4tzend und l\u00f6sungsorientiert.\n<strong>Kommunikationstraining und Tools<\/strong><br \/>\nIch unterst\u00fctze Sie dabei, klar, respektvoll und wirksam zu kommunizieren.<br \/>\nSie lernen, Ihre Anliegen verst\u00e4ndlich auszudr\u00fccken und auch in schwierigen Situationen souver\u00e4n zu bleiben. Wir arbeiten mit verschiedenen Modellen aus der Kommunikationstheorie, sp\u00fcren Gespr\u00e4chsblockaden auf und trainieren die Selbstregulation in schwierigen Gespr\u00e4chen.\n\n","protected":false},"excerpt":{"rendered":"<p>Kommunikation \u00abDie Sprache ist die Kleidung der Gedanken.\u00bb (Samuel Johnson) Besser verstehen. Klarer sprechen. Sicher auftreten. In meinen Trainings st\u00e4rken Sie Ihre Gespr\u00e4chskompetenz. Wir \u00fcben konkrete Situationen aus Ihrem Alltag &#8211; wertsch\u00e4tzend und l\u00f6sungsorientiert. Kommunikationstraining und Tools Ich unterst\u00fctze Sie dabei, klar, respektvoll und wirksam zu kommunizieren. Sie lernen, Ihre Anliegen verst\u00e4ndlich auszudr\u00fccken und auch&hellip;<\/p>\n","protected":false},"author":1,"featured_media":0,"parent":0,"menu_order":0,"comment_status":"closed","ping_status":"closed","template":"","meta":{"inline_featured_image":false,"footnotes":""},"class_list":["post-136","page","type-page","status-publish","hentry"],"_links":{"self":[{"href":"https:\/\/brennpunktschule.arto.work\/new\/wp-json\/wp\/v2\/pages\/136","targetHints":{"allow":["GET"]}}],"collection":[{"href":"https:\/\/brennpunktschule.arto.work\/new\/wp-json\/wp\/v2\/pages"}],"about":[{"href":"https:\/\/brennpunktschule.arto.work\/new\/wp-json\/wp\/v2\/types\/page"}],"author":[{"embeddable":true,"href":"https:\/\/brennpunktschule.arto.work\/new\/wp-json\/wp\/v2\/users\/1"}],"replies":[{"embeddable":true,"href":"https:\/\/brennpunktschule.arto.work\/new\/wp-json\/wp\/v2\/comments?post=136"}],"version-history":[{"count":5,"href":"https:\/\/brennpunktschule.arto.work\/new\/wp-json\/wp\/v2\/pages\/136\/revisions"}],"predecessor-version":[{"id":202,"href":"https:\/\/brennpunktschule.arto.work\/new\/wp-json\/wp\/v2\/pages\/136\/revisions\/202"}],"wp:attachment":[{"href":"https:\/\/brennpunktschule.arto.work\/new\/wp-json\/wp\/v2\/media?parent=136"}],"curies":[{"name":"wp","href":"https:\/\/api.w.org\/{rel}","templated":true}]}}