{"id":131,"date":"2026-02-11T07:07:35","date_gmt":"2026-02-11T07:07:35","guid":{"rendered":"https:\/\/brennpunktschule.arto.work\/new\/?page_id=131"},"modified":"2026-02-28T22:23:58","modified_gmt":"2026-02-28T22:23:58","slug":"konfliktlosung-und-mediation","status":"publish","type":"page","link":"https:\/\/brennpunktschule.arto.work\/new\/konfliktlosung-und-mediation\/","title":{"rendered":"Konfliktl\u00f6sung und Mediation"},"content":{"rendered":"\n\n<figure itemscope itemtype=\"https:\/\/schema.org\/ImageObject\">\n\t\t\t\t<img decoding=\"async\" src=\"https:\/\/brennpunktschule.arto.work\/new\/wp-content\/uploads\/2026\/02\/About-1.webp\" alt=\"About\" height=\"457\" width=\"816\" title=\"About\" onerror=\"this.style.display='none'\" loading=\"lazy\" \/>\n\t<\/figure>\n<h3>\n\t\t\tVermittlung und Mediation\t<\/h3>\n\t<p>\u00abSuche nicht Fehler &#8211; suche L\u00f6sungen.\u00bb (Henry Ford)<\/p>\n<strong>Ich unterst\u00fctze Menschen dabei, Konflikte fair und respektvoll zu kl\u00e4ren.<\/strong><br \/>\nIn einem gesch\u00fctzten Rahmen k\u00f6nnen alle Beteiligten ihre Sichtweise offen aussprechen.\n<strong>Ich begleite Gespr\u00e4che neutral und strukturiert.<\/strong><br \/>\nMein Ziel ist es, dass Sie gemeinsam eine L\u00f6sung finden, die f\u00fcr alle tragbar ist.\n<strong>Ich schaffe Raum f\u00fcr Verst\u00e4ndnis und neue Perspektiven.<\/strong><br \/>\nSo k\u00f6nnen Missverst\u00e4ndnisse gekl\u00e4rt und Beziehungen gest\u00e4rkt werden.\n<strong>Freiwillig, vertraulich und auf Augenh\u00f6he.<\/strong><br \/>\nDie Mediation ist ein freiwilliger Prozess. Alles Gesagte bleibt vertraulich.\n\n","protected":false},"excerpt":{"rendered":"<p>Vermittlung und Mediation \u00abSuche nicht Fehler &#8211; suche L\u00f6sungen.\u00bb (Henry Ford) Ich unterst\u00fctze Menschen dabei, Konflikte fair und respektvoll zu kl\u00e4ren. In einem gesch\u00fctzten Rahmen k\u00f6nnen alle Beteiligten ihre Sichtweise offen aussprechen. Ich begleite Gespr\u00e4che neutral und strukturiert. Mein Ziel ist es, dass Sie gemeinsam eine L\u00f6sung finden, die f\u00fcr alle tragbar ist. Ich schaffe&hellip;<\/p>\n","protected":false},"author":1,"featured_media":0,"parent":0,"menu_order":0,"comment_status":"closed","ping_status":"closed","template":"","meta":{"inline_featured_image":false,"footnotes":""},"class_list":["post-131","page","type-page","status-publish","hentry"],"_links":{"self":[{"href":"https:\/\/brennpunktschule.arto.work\/new\/wp-json\/wp\/v2\/pages\/131","targetHints":{"allow":["GET"]}}],"collection":[{"href":"https:\/\/brennpunktschule.arto.work\/new\/wp-json\/wp\/v2\/pages"}],"about":[{"href":"https:\/\/brennpunktschule.arto.work\/new\/wp-json\/wp\/v2\/types\/page"}],"author":[{"embeddable":true,"href":"https:\/\/brennpunktschule.arto.work\/new\/wp-json\/wp\/v2\/users\/1"}],"replies":[{"embeddable":true,"href":"https:\/\/brennpunktschule.arto.work\/new\/wp-json\/wp\/v2\/comments?post=131"}],"version-history":[{"count":6,"href":"https:\/\/brennpunktschule.arto.work\/new\/wp-json\/wp\/v2\/pages\/131\/revisions"}],"predecessor-version":[{"id":198,"href":"https:\/\/brennpunktschule.arto.work\/new\/wp-json\/wp\/v2\/pages\/131\/revisions\/198"}],"wp:attachment":[{"href":"https:\/\/brennpunktschule.arto.work\/new\/wp-json\/wp\/v2\/media?parent=131"}],"curies":[{"name":"wp","href":"https:\/\/api.w.org\/{rel}","templated":true}]}}