{"id":124,"date":"2026-02-11T07:00:18","date_gmt":"2026-02-11T07:00:18","guid":{"rendered":"https:\/\/brennpunktschule.arto.work\/new\/?page_id=124"},"modified":"2026-03-04T10:55:09","modified_gmt":"2026-03-04T10:55:09","slug":"supervision-und-coaching","status":"publish","type":"page","link":"https:\/\/brennpunktschule.arto.work\/new\/supervision-und-coaching\/","title":{"rendered":"Supervision und Coaching"},"content":{"rendered":"\n\n<figure itemscope itemtype=\"https:\/\/schema.org\/ImageObject\">\n\t\t\t\t<img decoding=\"async\" src=\"https:\/\/brennpunktschule.arto.work\/new\/wp-content\/uploads\/2026\/02\/About-1-1.webp\" alt=\"About (1)\" height=\"434\" width=\"776\" title=\"About (1)\" onerror=\"this.style.display='none'\" loading=\"lazy\" \/>\n\t<\/figure>\n<h3>\n\t\t\tBeratung, Coaching und Supervision\t<\/h3>\n\t<p>\u00abDer Mensch wird des Weges gef\u00fchrt, den er w\u00e4hlt.\u00bb (Talmud)<\/p>\n<strong>Coaching<\/strong><br \/>\nIch begleite Sie bei beruflichen oder pers\u00f6nlichen Fragen.<br \/>\nGemeinsam kl\u00e4ren wir Ziele, st\u00e4rken Ihre Ressourcen und entwickeln konkrete n\u00e4chste Schritte.\n<strong>Supervision<\/strong><br \/>\nIch unterst\u00fctze Sie dabei, Ihre berufliche Rolle zu reflektieren.<br \/>\nSo gewinnen Sie neue Perspektiven, mehr Sicherheit und Klarheit im Arbeitsalltag.<br \/>\nDas Angebot gilt auch f\u00fcr Gruppen und Teams.\nIch biete einen gesch\u00fctzten Raum zum Nachdenken, Sortieren und Weiterentwickeln.<br \/>\nStrukturiert, wertsch\u00e4tzend und praxisnah.\n\n","protected":false},"excerpt":{"rendered":"<p>Beratung, Coaching und Supervision \u00abDer Mensch wird des Weges gef\u00fchrt, den er w\u00e4hlt.\u00bb (Talmud) Coaching Ich begleite Sie bei beruflichen oder pers\u00f6nlichen Fragen. Gemeinsam kl\u00e4ren wir Ziele, st\u00e4rken Ihre Ressourcen und entwickeln konkrete n\u00e4chste Schritte. Supervision Ich unterst\u00fctze Sie dabei, Ihre berufliche Rolle zu reflektieren. So gewinnen Sie neue Perspektiven, mehr Sicherheit und Klarheit im&hellip;<\/p>\n","protected":false},"author":1,"featured_media":0,"parent":0,"menu_order":0,"comment_status":"closed","ping_status":"closed","template":"","meta":{"inline_featured_image":false,"footnotes":""},"class_list":["post-124","page","type-page","status-publish","hentry"],"_links":{"self":[{"href":"https:\/\/brennpunktschule.arto.work\/new\/wp-json\/wp\/v2\/pages\/124","targetHints":{"allow":["GET"]}}],"collection":[{"href":"https:\/\/brennpunktschule.arto.work\/new\/wp-json\/wp\/v2\/pages"}],"about":[{"href":"https:\/\/brennpunktschule.arto.work\/new\/wp-json\/wp\/v2\/types\/page"}],"author":[{"embeddable":true,"href":"https:\/\/brennpunktschule.arto.work\/new\/wp-json\/wp\/v2\/users\/1"}],"replies":[{"embeddable":true,"href":"https:\/\/brennpunktschule.arto.work\/new\/wp-json\/wp\/v2\/comments?post=124"}],"version-history":[{"count":9,"href":"https:\/\/brennpunktschule.arto.work\/new\/wp-json\/wp\/v2\/pages\/124\/revisions"}],"predecessor-version":[{"id":208,"href":"https:\/\/brennpunktschule.arto.work\/new\/wp-json\/wp\/v2\/pages\/124\/revisions\/208"}],"wp:attachment":[{"href":"https:\/\/brennpunktschule.arto.work\/new\/wp-json\/wp\/v2\/media?parent=124"}],"curies":[{"name":"wp","href":"https:\/\/api.w.org\/{rel}","templated":true}]}}